{"id":72,"date":"2025-01-29T05:00:40","date_gmt":"2025-01-29T05:00:40","guid":{"rendered":"https:\/\/www.becomingacrunchymom.com\/?page_id=72"},"modified":"2025-08-14T00:16:00","modified_gmt":"2025-08-14T00:16:00","slug":"disclaimer","status":"publish","type":"page","link":"https:\/\/www.becomingacrunchymom.com\/es\/disclaimer\/","title":{"rendered":"Deslinde de responsabilidad y declaraciones"},"content":{"rendered":"<p>Last updated: 08\/13\/2025<\/p>\n\n\n\n<p class=\"has-system-font-font-family has-base-font-size\">La informaci\u00f3n proporcionada por Becoming a Crunchy Mom (\"Yo\", \"nosotros\", \"nos\" o \"nuestra\" \"Empresa\") en https:\/\/www.becomingacrunchymom.com (el \"Sitio\", \"Sitio web\") y los recursos disponibles para descargar a trav\u00e9s de \u00e9l son solo para fines educativos e informativos generales.\u00a0\u00a0Los t\u00e9rminos \"Usted\",\" su \"y\" cliente \" se refieren a cualquier persona que visite, vea, use o interact\u00fae con nuestro sitio web o sus productos y recursos.&nbsp;<\/p>\n\n\n\n<p class=\"has-system-font-font-family has-base-font-size\">Toda la informaci\u00f3n en el Sitio se proporciona de buena fe y se han realizado todos los esfuerzos razonables para garantizar que la informaci\u00f3n proporcionada sea lo m\u00e1s precisa y completa posible y est\u00e9 libre de errores; sin embargo, el Sitio no asume ninguna responsabilidad por errores, omisiones o interpretaciones contrarias, y no hace representaciones ni garant\u00edas de ning\u00fan tipo, expresas o impl\u00edcitas, con respecto a la precisi\u00f3n, adecuaci\u00f3n, relevancia, validez, confiabilidad, disponibilidad, puntualidad o integridad de la informaci\u00f3n en el Sitio.&nbsp;<\/p>\n\n\n\n<p class=\"has-system-font-font-family has-base-font-size\">Bajo ninguna circunstancia seremos responsables de ninguna p\u00e9rdida o da\u00f1o especial, directo, indirecto, consecuente o incidental, ni de ning\u00fan da\u00f1o de ning\u00fan tipo incurrido como resultado del uso del Sitio o la dependencia de la informaci\u00f3n proporcionada en el Sitio.&nbsp;<\/p>\n\n\n\n<p class=\"has-system-font-font-family has-base-font-size\">Al utilizar el Sitio, usted acepta toda la responsabilidad personal de cualquier da\u00f1o o perjuicio que pueda sufrir como resultado de su acci\u00f3n que surja de o en conexi\u00f3n con el uso del Sitio o de su contenido.<\/p>\n\n\n\n<p class=\"has-system-font-font-family has-base-font-size\">Usted acepta usar el juicio y llevar a cabo la diligencia debida para verificar cualquier informaci\u00f3n obtenida del Sitio antes de tomar cualquier medida o implementar cualquier sugerencia o recomendaci\u00f3n establecida en el Sitio.&nbsp;<\/p>\n\n\n\n<p class=\"has-system-font-font-family has-base-font-size\">Su uso del Sitio es bajo su propio riesgo y usted se compromete expresamente a no confiar en cualquier informaci\u00f3n contenida en el Sitio.<\/p>\n\n\n\n<p class=\"has-system-font-font-family has-base-font-size\">Nos reservamos el derecho a realizar adiciones, eliminaciones o modificaciones al contenido del Sitio en cualquier momento sin previo aviso.<\/p>\n\n\n\n<p class=\"has-system-font-font-family has-base-font-size\">No garantizamos que el Sitio est\u00e9 libre de virus o de otros componentes da\u00f1inos.<\/p>\n\n\n\n<p class=\"has-system-font-font-family has-base-font-size\">Cualquier desaire percibido de personas, gente u organizaciones espec\u00edficas no es intencional.<\/p>\n\n\n\n<h2 class=\"wp-block-heading\">Deslinde de responsabilidad de uso justo<\/h2>\n\n\n\n<p class=\"has-system-font-font-family has-base-font-size\">Cualquier nombre de producto, sitio web y compa\u00f1\u00eda mencionado en el Sitio son marcas comerciales o derechos de autor de sus respectivos propietarios.\u00a0\u00a0Esto puede incluir, entre otros, publicar im\u00e1genes de logotipos, productos o sitios web bajo el uso justo de las leyes de derechos de autor de EE.UU.\u00a0\u00a0No estamos asociados ni afiliados con ellos de ninguna manera.&nbsp;<\/p>\n\n\n\n<h2 class=\"wp-block-heading\"><strong>Deslinde de responsabilidad de no ser un experto<\/strong><\/h2>\n\n\n\n<p class=\"has-system-font-font-family has-base-font-size\">La informaci\u00f3n proporcionada en este sitio se basa principalmente en mi propia experiencia personal y mi opini\u00f3n personal y no debe interpretarse como asesoramiento profesional. El contenido de este sitio y los recursos proporcionados son solo para fines informativos y de entretenimiento y no constituyen asesoramiento m\u00e9dico, psicol\u00f3gico, de aptitud f\u00edsica, financiero, contable o legal. El autor no es responsable de ninguna p\u00e9rdida o da\u00f1o relacionado con acciones o falta de acci\u00f3n relacionada con el contenido de este sitio web.<\/p>\n\n\n\n<h2 class=\"wp-block-heading\">Deslinde De Responsabilidad Profesional<\/h2>\n\n\n\n<p class=\"has-system-font-font-family has-base-font-size\">Becoming a Crunchy Mom no contiene consejos profesionales. La informaci\u00f3n y el contenido de este sitio se proporcionan \u00fanicamente con fines educativos y de informaci\u00f3n general y no sustituyen el asesoramiento profesional.<\/p>\n\n\n\n<p class=\"has-system-font-font-family has-base-font-size\">Le recomendamos que tambi\u00e9n consulte con los profesionales apropiados antes de tomar cualquier medida basada en dicha informaci\u00f3n, ya que el uso o la confianza en dicha informaci\u00f3n contenida en este sitio es bajo su propio riesgo.<\/p>\n\n\n\n<h3 class=\"wp-block-heading\"><strong>Deslinde De Responsabilidad<\/strong><strong>Medica\/ De la salud Mental, y Psicol\u00f3gica<\/strong><\/h3>\n\n\n\n<p class=\"has-system-font-font-family has-base-font-size\">Si bien soy un profesional m\u00e9dico, el Sitio no contiene asesoramiento m\u00e9dico y de salud. La informaci\u00f3n de salud contenida en el Sitio y los recursos disponibles para descargar a trav\u00e9s del Sitio se proporcionan \u00fanicamente con fines informativos y educativos generales y no pretenden ser, y no se entender\u00e1n ni interpretar\u00e1n como, asesoramiento, diagn\u00f3stico o tratamiento psicol\u00f3gico, psiqui\u00e1trico o m\u00e9dico profesional, ni sustituir\u00e1n el asesoramiento, diagn\u00f3stico o tratamiento psicol\u00f3gico, psiqui\u00e1trico o m\u00e9dico profesional.<\/p>\n\n\n\n<p class=\"has-system-font-font-family has-base-font-size\">Antes de tomar cualquier acci\u00f3n basada en dicha informaci\u00f3n, le recomendamos expresamente que usted busque el consejo de un profesional m\u00e9dico o de otro profesional de salud mental calificado.<\/p>\n\n\n\n<p class=\"has-system-font-font-family has-base-font-size\">Su uso del Sitio, incluyendo la implementaci\u00f3n de las sugerencias y\/o recomendaciones que figuran en el Sitio y\/o el uso de los recursos disponibles para descargar a trav\u00e9s del Sitio, no crea una relaci\u00f3n m\u00e9dico-paciente.<\/p>\n\n\n\n<p class=\"has-system-font-font-family has-base-font-size\">Su uso del Sitio es bajo su propio riesgo y usted acepta expresamente no depender de ninguna informaci\u00f3n contenida en el Sitio o en los recursos disponibles para descargar a trav\u00e9s del Sitio como sustituto de asesoramiento, diagn\u00f3stico o tratamiento psicol\u00f3gico, psiqui\u00e1trico o m\u00e9dico profesional.&nbsp;<\/p>\n\n\n\n<p class=\"has-system-font-font-family has-base-font-size\">Bajo ninguna circunstancia se nos responsabilizar\u00e1 por ning\u00fan error u omisi\u00f3n en el Sitio o por cualquier da\u00f1o que pueda sufrir con respecto a cualquier acci\u00f3n tomada o no tomada en funci\u00f3n de cualquiera o todos los contenidos del Sitio y\/o como resultado de no buscar asesoramiento competente de un profesional m\u00e9dico u otro proveedor calificado de salud mental.<\/p>\n\n\n\n<h3 class=\"wp-block-heading\"><strong>Deslinde de responsabilidad de fitness<\/strong><\/h3>\n\n\n\n<p class=\"has-system-font-font-family has-base-font-size\">El Sitio ofrece informaci\u00f3n nutricional y de acondicionamiento f\u00edsico y est\u00e1 dise\u00f1ado solo con fines educativos. No debe confiar en esta informaci\u00f3n como sustituto, ni reemplaza, el asesoramiento, diagn\u00f3stico o tratamiento m\u00e9dico profesional.<\/p>\n\n\n\n<h3 class=\"wp-block-heading\"><strong>Deslinde de responsabilidad financiera<\/strong><\/h3>\n\n\n\n<p class=\"has-system-font-font-family has-base-font-size\">El Sitio no contiene asesoramiento financiero o fiscal. La informaci\u00f3n contenida en el Sitio y los recursos disponibles para descargar a trav\u00e9s del Sitio no pretenden ser, y no se entender\u00e1n ni interpretar\u00e1n como asesoramiento financiero o fiscal.&nbsp;<\/p>\n\n\n\n<p class=\"has-system-font-font-family has-base-font-size\">La informaci\u00f3n contenida en el Sitio y los recursos disponibles para descargar a trav\u00e9s del Sitio son solo para fines educativos e informativos generales y no constituyen publicidad, solicitud o asesoramiento financiero.&nbsp;<\/p>\n\n\n\n<p class=\"has-system-font-font-family has-base-font-size\">Antes de tomar cualquier acci\u00f3n basada en dicha informaci\u00f3n, le recomendamos expresamente que usted busque el consejo de un asesor financiero profesional, asesor fiscal, contable, o de otro profesional financiero en su jurisdicci\u00f3n.&nbsp;<\/p>\n\n\n\n<p class=\"has-system-font-font-family has-base-font-size\">Su uso del Sitio es bajo su propio riesgo y usted se compromete expresamente a no confiar en cualquier informaci\u00f3n contenida en el Sitio o en los recursos disponibles para descargar a trav\u00e9s del Sitio como un sustituto para el profesional financiero y de la asesor\u00eda fiscal.&nbsp;<\/p>\n\n\n\n<p class=\"has-system-font-font-family has-base-font-size\">Bajo ninguna circunstancia se nos har\u00e1 responsable de ning\u00fan error u omisi\u00f3n en el Sitio o de ning\u00fan da\u00f1o que pueda sufrir con respecto a cualquier acci\u00f3n tomada o no tomada en funci\u00f3n de cualquiera o todos los contenidos del Sitio y \/ o como resultado de no buscar asesoramiento competente de un profesional financiero o fiscal.<\/p>\n\n\n\n<h2 class=\"wp-block-heading\"><strong>Deslinde de responsabilidad de enlaces externos<\/strong><\/h2>\n\n\n\n<p class=\"has-system-font-font-family has-base-font-size\">Si bien tratamos de proporcionar solo enlaces de calidad a sitios web relevantes y \u00e9ticos, el Sitio puede contener enlaces a sitios web externos que no son proporcionados ni mantenidos por nosotros ni est\u00e1n afiliados de ninguna manera con nosotros.\u00a0\u00a0Tenga en cuenta que Becoming a Crunchy Mom no ha revisado todos los sitios vinculados a su sitio web y no es responsable de los contenidos de ning\u00fan sitio vinculado.&nbsp;<\/p>\n\n\n\n<p class=\"has-system-font-font-family has-base-font-size\">Adem\u00e1s, los propietarios del sitio y el contenido pueden cambiar sin previo aviso y pueden ocurrir antes de que tengamos la oportunidad de eliminar enlaces rotos o perjudiciales.<\/p>\n\n\n\n<p class=\"has-system-font-font-family has-base-font-size\">El Sitio no garantiza la exactitud, adecuaci\u00f3n, pertinencia, validez, fiabilidad, disponibilidad, oportunidad o integridad de cualquier informaci\u00f3n en estos sitios web externos.<\/p>\n\n\n\n<p class=\"has-system-font-font-family has-base-font-size\">La inclusi\u00f3n de cualquier enlace no implica aprobaci\u00f3n por parte de  Becoming a Crunchy Mom de dicho sitio. El uso de cualquier sitio web vinculado es bajo el propio riesgo del usuario.<\/p>\n\n\n\n<p class=\"has-system-font-font-family has-base-font-size\">Tenga en cuenta que cuando abandona nuestro sitio web, otros sitios pueden tener pol\u00edticas y t\u00e9rminos de privacidad diferentes que est\u00e1n fuera de nuestro control. Aseg\u00farese de consultar las Pol\u00edticas de Privacidad de estos sitios, as\u00ed como sus \"T\u00e9rminos de servicio\" antes de participar en cualquier negocio o de subir cualquier informaci\u00f3n.<\/p>\n\n\n\n<h2 class=\"wp-block-heading\"><strong>Declaracion de enlaces de afiliado<\/strong><\/h2>\n\n\n\n<p class=\"has-system-font-font-family has-base-font-size\">Podemos tener una relaci\u00f3n financiera con algunos de los comerciantes que podemos mencionar.<\/p>\n\n\n\n<p class=\"has-system-font-font-family has-base-font-size\">Algunos de los enlaces pueden ser enlaces de afiliados, lo que significa que podemos obtener una compensaci\u00f3n financiera, sin costo adicional para usted, si usted hace una compra a trav\u00e9s de un enlace.<\/p>\n\n\n\n<p class=\"has-system-font-font-family has-base-font-size\">Por favor, comprenda que tenemos experiencia con todas estas empresas, y los recomendamos porque son \u00fatiles, no a causa de las peque\u00f1as comisiones que hacemos si usted decide comprar algo. Por favor, consulte nuestras&nbsp;<strong>declaraciones<\/strong>&nbsp;para mayor informaci\u00f3n&nbsp;<\/p>\n\n\n\n<h2 class=\"wp-block-heading\">Declaracion de Contenido Patrocinado<\/h2>\n\n\n\n<p class=\"has-system-font-font-family has-base-font-size\">Cuando escribo una publicaci\u00f3n de revisi\u00f3n en relaci\u00f3n con un producto, servicio o empresa espec\u00edficos, TENGA en CUENTA QUE SOLO PUBLICO SOBRE SITIOS Y PRODUCTOS QUE CREO QUE SER\u00cdAN INMENSAMENTE \u00daTILES Y QUE HE USADO YO MISMA. TODOS LOS PUNTOS DE VISTA Y OPINIONES SON M\u00cdOS. Como parte de esa asociaci\u00f3n, puedo recibir o no un PRODUCTO GRATUITO O UNA COMPENSACI\u00d3N.<\/p>\n\n\n\n<h2 class=\"wp-block-heading\">Sin garant\u00edas<\/h2>\n\n\n\n<p class=\"has-system-font-font-family has-base-font-size\">Los materiales del sitio web Becoming a Crunchy Mom se proporcionan \"tal cual\". Becoming a Crunchy Mom no ofrece garant\u00edas, expresas o impl\u00edcitas, y por el presente deslinde de responsabilidades  niega todas las dem\u00e1s garant\u00edas, incluidas, entre otras, garant\u00edas impl\u00edcitas o condiciones de comerciabilidad, idoneidad para un prop\u00f3sito particular o no infracci\u00f3n de la propiedad intelectual u otra violaci\u00f3n de los derechos.<\/p>\n\n\n\n<p class=\"has-system-font-font-family has-base-font-size\">Adem\u00e1s, Becoming a Crunchy Mom no garantiza ni hace ninguna representaci\u00f3n con respecto a la precisi\u00f3n, confiabilidad o resultados probables del uso de los materiales en su sitio web o relacionados con dichos materiales o en cualquier sitio vinculado a este sitio.<\/p>\n\n\n\n<h2 class=\"wp-block-heading\">Limitaciones<\/h2>\n\n\n\n<p class=\"has-system-font-font-family has-base-font-size\">En ning\u00fan caso, Becoming a Crunchy Mom o sus proveedores ser\u00e1n responsables de ning\u00fan da\u00f1o (incluidos, entre otros, da\u00f1os por p\u00e9rdida de datos o ganancias, o debido a la interrupci\u00f3n del negocio) que surjan del uso o la imposibilidad de usar los materiales en el sitio de Becoming a Crunchy Mom, incluso si Becoming a Crunchy Mom o un representante autorizado de Becoming a Crunchy Mom ha sido notificado oralmente o por escrito de la posibilidad de tal da\u00f1o. Debido a que algunas jurisdicciones no permiten limitaciones sobre garant\u00edas impl\u00edcitas o limitaciones de responsabilidad por da\u00f1os consecuentes o incidentales, es posible que estas limitaciones no se apliquen en su caso.<\/p>\n\n\n\n<h2 class=\"wp-block-heading\">Limitaci\u00f3n de Responsabilidad<\/h2>\n\n\n\n<p class=\"has-system-font-font-family has-base-font-size\">USTED ACEPTA QUE BAJO NINGUNA CIRCUNSTANCIA SEREMOS RESPONSABLES DE DA\u00d1OS DIRECTOS, INDIRECTOS, INCIDENTALES, CONSECUENTES, ESPECIALES, PUNITIVOS, EJEMPLARES, O DE CUALQUIER OTRO DA\u00d1O QUE SURJA DE SU USO DE EL SITIO O SERVICIOS.<\/p>\n\n\n\n<p class=\"has-system-font-font-family has-base-font-size\">ADEM\u00c1S, Becoming a Crunchy Mom NO ES RESPONSABLE POR los DA\u00d1OS y perjuicios EN RELACI\u00d3N CON:<\/p>\n\n\n\n<p class=\"has-system-font-font-family has-base-font-size\">(I) CUALQUIER FALLA DE RENDIMIENTO, ERROR, OMISI\u00d3N, DENEGACI\u00d3N DE SERVICIO, ATAQUE, INTERRUPCI\u00d3N, ELIMINACI\u00d3N, DEFECTO, DEMORA EN LA OPERACI\u00d3N O TRANSMISI\u00d3N, VIRUS INFORM\u00c1TICO O FALLA DE LA L\u00cdNEA O DEL SISTEMA;\u00a0<\/p>\n\n\n\n<p class=\"has-system-font-font-family has-base-font-size\">(II) P\u00c9RDIDA DE INGRESOS, GANANCIAS ANTICIPADAS, NEGOCIOS, AHORROS, BUENA VOLUNTAD O DATOS; Y\u00a0<\/p>\n\n\n\n<p class=\"has-system-font-font-family has-base-font-size\">(III) ROBO, DESTRUCCI\u00d3N, ACCESO NO AUTORIZADO, ALTERACI\u00d3N O USO DE SU INFORMACI\u00d3N O PROPIEDAD POR PARTE DE TERCEROS, INDEPENDIENTEMENTE DE NUESTRA NEGLIGENCIA, NEGLIGENCIA GRAVE, FALLA DE UN PROP\u00d3SITO ESENCIAL Y SI DICHA RESPONSABILIDAD SURGE POR NEGLIGENCIA, CONTRATO, AGRAVIO O CUALQUIER OTRA TEOR\u00cdA DE RESPONSABILIDAD LEGAL.<\/p>\n\n\n\n<p class=\"has-system-font-font-family has-base-font-size\">LO ANTERIOR SE APLICA INCLUSO SI Becoming a Crunchy Mom HA SIDO ADVERTIDO DE LA POSIBILIDAD O PODR\u00cdA HABER PREVISTO LOS DA\u00d1OS. EN AQUELLOS ESTADOS QUE NO PERMITEN LA EXCLUSI\u00d3N O LIMITACI\u00d3N DE RESPONSABILIDAD POR LOS DA\u00d1OS, NUESTRA RESPONSABILIDAD SE LIMITA AL M\u00c1XIMO PERMITIDO POR LA LEY. EN NING\u00daN CASO, LA RESPONSABILIDAD ACUMULATIVA DE Becoming a Crunchy Mom HACIA USTED EXCEDER\u00c1 EL PRECIO TOTAL DE COMPRA DEL SERVICIO O PRODUCTO QUE HAYA COMPRADO A Becoming a Crunchy Mom, Y SI NO HA REALIZADO NINGUNA COMPRA, LA RESPONSABILIDAD ACUMULATIVA DE Becoming a Crunchy Mom HACIA USTED NO EXCEDER\u00c1 LOS $100.<\/p>\n\n\n\n<h2 class=\"wp-block-heading\">Indemnizaci\u00f3n<\/h2>\n\n\n\n<p class=\"has-system-font-font-family has-base-font-size\">Deber\u00e1 indemnizarnos y eximirnos de responsabilidad por y contra todas y cada una de las p\u00e9rdidas, da\u00f1os, acuerdos, responsabilidades, costos, cargos, evaluaciones y gastos, as\u00ed como reclamos de terceros y causas de acci\u00f3n, incluidos, entre otros, los honorarios de abogados, que surjan de cualquier incumplimiento por su parte de cualquiera de estos T\u00e9rminos y Condiciones, o cualquier uso que haga del Sitio, Producto o Servicio.<\/p>\n\n\n\n<p class=\"has-system-font-font-family has-base-font-size\">Usted nos proporcionar\u00e1 dicha asistencia, sin cargo, seg\u00fan lo solicitemos en relaci\u00f3n con dicha defensa, lo que incluye, entre otros, proporcionarnos dicha informaci\u00f3n, documentos, registros y acceso razonable a usted, seg\u00fan lo consideremos necesario. Usted no resolver\u00e1 ning\u00fan reclamo de terceros ni renunciar\u00e1 a ninguna defensa sin nuestro previo consentimiento por escrito.<\/p>\n\n\n\n<h2 class=\"wp-block-heading\">Cambios y Modificaciones<\/h2>\n\n\n\n<p class=\"has-system-font-font-family has-base-font-size\">Nos reservamos el derecho exclusivo de cambiar o modificar esta pol\u00edtica y sus t\u00e9rminos en cualquier momento mediante la publicaci\u00f3n de la versi\u00f3n actualizada en <a href=\"https:\/\/www.becomingacrunchymom.com\/wp-admin\/post.php?post=72&amp;action=edit\">https:\/\/www.becomingacrunchymom.com<\/a> La notificaci\u00f3n de dichos cambios se publicar\u00e1 de inmediato en este sitio en caso de que actualicemos, enmendemos o modifiquemos este documento. El uso continuo de este sitio web y sus servicios despu\u00e9s de dichos cambios se interpretar\u00e1 como consentimiento a dichos cambios. Sin embargo, le recomendamos que visite esta p\u00e1gina con frecuencia para asegurarse de estar actualizado con los \u00faltimos cambios.<\/p>\n\n\n\n<h2 class=\"wp-block-heading\">Consentimiento<\/h2>\n\n\n\n<p class=\"has-system-font-font-family has-base-font-size\">Al proceder a utilizar este sitio web, usted reconoce que ha le\u00eddo este deslinde de responsabilidad en su totalidad y, por la presente, acepta este deslinde de responsabilidad y acepta todos sus t\u00e9rminos. Si no acepta estar sujeto a los t\u00e9rminos de este descargo de responsabilidad, no se le permitir\u00e1 continuar usando o accediendo a este sitio y sus servicios.<\/p>\n\n\n\n<h2 class=\"wp-block-heading\">P\u00f3ngase en contacto con nosotros<\/h2>\n\n\n\n<p class=\"has-system-font-font-family has-base-font-size\">Si necesita informaci\u00f3n o tiene preguntas sobre el deslinde de responsabilidad de este sitio, no dude en contactarnos por correo electr\u00f3nico a contact@becomingacrunchymom.com<br><\/p>\n\n\n\n<p><\/p>\n<p><a href=\"\/\/www.pinterest.com\/pin\/create\/button\/\" data-pin-do=\"buttonBookmark\" data-pin-color=\"red\" data-pin-height=\"128\"><img decoding=\"async\" src=\"\/\/assets.pinterest.com\/images\/pidgets\/pinit_fg_en_rect_red_28.png\" \/><\/a><\/p>","protected":false},"excerpt":{"rendered":"<p>Last updated: 08\/13\/2025 The information provided by Becoming a Crunchy Mom (\u201cI\u201d, \u201cwe,\u201d \u201cus,\u201d or \u201cour\u201d \u201c Company\u201d) on&nbsp;https:\/\/www.becomingacrunchymom.com (the \u201cSite\u201d \u201cWebsite\u201d) and the resources available for download through it [&hellip;]<\/p>\n","protected":false},"author":1,"featured_media":0,"parent":0,"menu_order":0,"comment_status":"closed","ping_status":"closed","template":"","meta":{"footnotes":""},"class_list":["post-72","page","type-page","status-publish","hentry"],"aioseo_notices":[],"_links":{"self":[{"href":"https:\/\/www.becomingacrunchymom.com\/es\/wp-json\/wp\/v2\/pages\/72","targetHints":{"allow":["GET"]}}],"collection":[{"href":"https:\/\/www.becomingacrunchymom.com\/es\/wp-json\/wp\/v2\/pages"}],"about":[{"href":"https:\/\/www.becomingacrunchymom.com\/es\/wp-json\/wp\/v2\/types\/page"}],"author":[{"embeddable":true,"href":"https:\/\/www.becomingacrunchymom.com\/es\/wp-json\/wp\/v2\/users\/1"}],"replies":[{"embeddable":true,"href":"https:\/\/www.becomingacrunchymom.com\/es\/wp-json\/wp\/v2\/comments?post=72"}],"version-history":[{"count":6,"href":"https:\/\/www.becomingacrunchymom.com\/es\/wp-json\/wp\/v2\/pages\/72\/revisions"}],"predecessor-version":[{"id":237,"href":"https:\/\/www.becomingacrunchymom.com\/es\/wp-json\/wp\/v2\/pages\/72\/revisions\/237"}],"wp:attachment":[{"href":"https:\/\/www.becomingacrunchymom.com\/es\/wp-json\/wp\/v2\/media?parent=72"}],"curies":[{"name":"wp","href":"https:\/\/api.w.org\/{rel}","templated":true}]}}