{"id":76,"date":"2025-01-29T05:14:57","date_gmt":"2025-01-29T05:14:57","guid":{"rendered":"https:\/\/www.becomingacrunchymom.com\/?page_id=76"},"modified":"2025-09-04T00:00:57","modified_gmt":"2025-09-04T00:00:57","slug":"website-accessibility-statement","status":"publish","type":"page","link":"https:\/\/www.becomingacrunchymom.com\/es\/website-accessibility-statement\/","title":{"rendered":"Declaraci\u00f3n de Accesibilidad del Sitio Web"},"content":{"rendered":"<p class=\"has-system-font-font-family has-base-font-size\">En <strong>Becoming a Crunchy mom<\/strong>, estamos comprometidos a hacer que nuestra presencia digital sea lo m\u00e1s accesible e inclusiva posible para todos los usuarios, incluidas las personas con discapacidades. Nuestro objetivo es mejorar el uso de <strong>https:\/\/www.becomingacrunchymom.com<\/strong> y para respaldar una experiencia m\u00e1s accesible para todos, independientemente de sus habilidades o de las tecnolog\u00edas que utilicen.<\/p>\n\n\n\n<h2 class=\"wp-block-heading\">Nuestro Enfoque con respecto a la Accesibilidad<\/h2>\n\n\n\n<p class=\"has-system-font-font-family has-base-font-size\">Estamos comprometidos a garantizar el cumplimiento internacional de las leyes y pol\u00edticas de accesibilidad web, incluida, entre otras, la Ley de Estadounidenses con Discapacidades (\"ADA\"), y a mejorar la experiencia del usuario de todos en nuestro sitio web, mediante la implementaci\u00f3n de las Pautas de Accesibilidad al Contenido Web (\"WCAG\"), est\u00e1ndares de accesibilidad desarrollados en colaboraci\u00f3n con individuos y organizaciones de todo el mundo a trav\u00e9s del proceso del Consorcio World Wide Web (\"W3C\"), con el objetivo de proporcionar un est\u00e1ndar \u00fanico compartido para la accesibilidad al contenido web que satisfaga las necesidades de individuos, organizaciones, y gobiernos de todo el mundo.<\/p>\n\n\n\n<p class=\"has-system-font-font-family has-base-font-size\">Hemos hecho un esfuerzo genuino y un compromiso para seguir las mejores pr\u00e1cticas para el cumplimiento de la ADA, incluida la auditor\u00eda y prueba de accesibilidad de nuestro sitio web. Tenga en cuenta que nuestros esfuerzos para cumplir con las pautas actuales de WCAG contin\u00faan a medida que incorporamos los widgets y mejoras de accesibilidad necesarios para que nuestro sitio web sea lo m\u00e1s accesible y f\u00e1cil de usar posible.<\/p>\n\n\n\n<p class=\"has-system-font-font-family has-base-font-size\">Este sitio web est\u00e1 dise\u00f1ado para ser compatible con tecnolog\u00edas de asistencia, as\u00ed como con las dos versiones principales de navegadores m\u00e1s recientes. Es posible que algunos aspectos del sitio web no se muestren de manera \u00f3ptima en los navegadores Internet Explorer 10, 11 o anteriores. El sitio web no est\u00e1 dise\u00f1ado para usarse con Internet Explorer 9 o versiones anteriores.<\/p>\n\n\n\n<h2 class=\"wp-block-heading\">Caracter\u00edsticas De Accesibilidad<\/h2>\n\n\n\n<p class=\"has-system-font-font-family has-base-font-size\">Para apoyar la accesibilidad, <strong>https:\/\/www.becomingacrunchymom.com<\/strong> puede utilizar herramientas como la barra de herramientas de accesibilidad OneTap. Esta interfaz proporciona a los usuarios una variedad de funciones \u00fatiles, que incluyen:<\/p>\n\n\n\n<ul class=\"wp-block-list\">\n<li>Ajustable tama\u00f1o de texto y ajustes de contraste<\/li>\n\n\n\n<li>Destacar de enlaces y texto para una mejor visibilidad<\/li>\n\n\n\n<li>Teclado de navegaci\u00f3n completo  de la interfaz de la barra de herramientas<\/li>\n\n\n\n<li>Inicio r\u00e1pido a trav\u00e9s de atajos de teclado: <strong>Alt + .<\/strong> (Windows) o <strong>\u2318 + .<\/strong> (Mac)<\/li>\n<\/ul>\n\n\n\n<p class=\"has-system-font-font-family has-base-font-size\">El uso de este widget puede mejorar la accesibilidad del sitio web para algunos usuarios, en particular aquellos con discapacidades espec\u00edficas. Este widget se puede encontrar en todas las p\u00e1ginas de nuestro sitio web y se esfuerza por cumplir con las pautas WCAG m\u00e1s recientes. Al hacer clic en el icono del men\u00fa accesibilidad que aparece despu\u00e9s de hacer clic en el Widget descrito anteriormente, puede habilitar el men\u00fa accesibilidad. Espere un momento despu\u00e9s de activar el men\u00fa de accesibilidad para que se cargue todo el men\u00fa de accesibilidad.<\/p>\n\n\n\n<h3 class=\"wp-block-heading\"><strong>Por favor, tenga en cuenta lo siguiente:<\/strong><\/h3>\n\n\n\n<ul class=\"wp-block-list\">\n<li>La disponibilidad y efectividad de estas funciones dependen de la configuraci\u00f3n y el mantenimiento continuo del sitio web.<\/li>\n\n\n\n<li>Mientras nos esforzamos para asegurar la accesibilidad, no podemos garantizar que cada parte de <strong>https:\/\/www.becomingacrunchymom.com<\/strong> ser\u00e1 plenamente accesible en todo momento. Algunos de los contenidos que pueden ser suministrados por terceros o afectados por problemas t\u00e9cnicos fuera de nuestro control inmediato.<\/li>\n<\/ul>\n\n\n\n<h2 class=\"wp-block-heading\">Deslinde de responsabilidad<\/h2>\n\n\n\n<p class=\"has-system-font-font-family has-base-font-size\">No tenemos control sobre el uso del Widget anterior ni de ning\u00fan otro complemento o \"complemento\" de terceros en nuestro sitio web. Estos pueden funcionar o no para todos los usuarios y\/o para todos los tipos de discapacidad. No tenemos control sobre la estructura de estos complementos y no podemos modificarlos en absoluto o en la medida necesaria para adaptarse a cada usuario de nuestro sitio web, y no somos responsables de aquellos elementos sobre los que no tenemos control. Usted utiliza estos widgets o complementos de terceros bajo su propio riesgo.<\/p>\n\n\n\n<p class=\"has-system-font-font-family has-base-font-size\">Hemos hecho esfuerzos razonables para que nuestro sitio web sea accesible de acuerdo con las pr\u00e1cticas comerciales est\u00e1ndar; sin embargo, si cree que alg\u00fan contenido, caracter\u00edsticas o procesos podr\u00edan mejorarse, agradecemos sus comentarios.<\/p>\n\n\n\n<h2 class=\"wp-block-heading\">Comentarios y Contacto<\/h2>\n\n\n\n<p class=\"has-system-font-font-family has-base-font-size\">Si experimenta alguna barrera de accesibilidad o tiene sugerencias de mejora, cont\u00e1ctenos al correo electr\u00f3nico: <strong>contact@becomingacrunchymom.com<\/strong> Nos comprometemos a revisar todas las consultas y nuestro objetivo es responder en un plazo de 3 a 5 d\u00edas h\u00e1biles. Si necesita ayuda para acceder a cualquier parte de este sitio web, nos complace brindarle asistencia a trav\u00e9s de canales alternativos si asi nos es requerido. <strong>\u00daltima actualizaci\u00f3n:<\/strong> Sept 3, 2025<\/p>\n<p><a href=\"\/\/www.pinterest.com\/pin\/create\/button\/\" data-pin-do=\"buttonBookmark\" data-pin-color=\"red\" data-pin-height=\"128\"><img decoding=\"async\" src=\"\/\/assets.pinterest.com\/images\/pidgets\/pinit_fg_en_rect_red_28.png\" \/><\/a><\/p>","protected":false},"excerpt":{"rendered":"<p>At Becoming a Crunchy mom, we are committed to making our digital presence as accessible and inclusive as reasonably possible for all users, including individuals with disabilities. Our goal is [&hellip;]<\/p>\n","protected":false},"author":1,"featured_media":0,"parent":0,"menu_order":0,"comment_status":"closed","ping_status":"closed","template":"","meta":{"footnotes":""},"class_list":["post-76","page","type-page","status-publish","hentry"],"aioseo_notices":[],"_links":{"self":[{"href":"https:\/\/www.becomingacrunchymom.com\/es\/wp-json\/wp\/v2\/pages\/76","targetHints":{"allow":["GET"]}}],"collection":[{"href":"https:\/\/www.becomingacrunchymom.com\/es\/wp-json\/wp\/v2\/pages"}],"about":[{"href":"https:\/\/www.becomingacrunchymom.com\/es\/wp-json\/wp\/v2\/types\/page"}],"author":[{"embeddable":true,"href":"https:\/\/www.becomingacrunchymom.com\/es\/wp-json\/wp\/v2\/users\/1"}],"replies":[{"embeddable":true,"href":"https:\/\/www.becomingacrunchymom.com\/es\/wp-json\/wp\/v2\/comments?post=76"}],"version-history":[{"count":8,"href":"https:\/\/www.becomingacrunchymom.com\/es\/wp-json\/wp\/v2\/pages\/76\/revisions"}],"predecessor-version":[{"id":262,"href":"https:\/\/www.becomingacrunchymom.com\/es\/wp-json\/wp\/v2\/pages\/76\/revisions\/262"}],"wp:attachment":[{"href":"https:\/\/www.becomingacrunchymom.com\/es\/wp-json\/wp\/v2\/media?parent=76"}],"curies":[{"name":"wp","href":"https:\/\/api.w.org\/{rel}","templated":true}]}}