{"id":80,"date":"2025-01-30T05:22:36","date_gmt":"2025-01-30T05:22:36","guid":{"rendered":"https:\/\/www.becomingacrunchymom.com\/?page_id=80"},"modified":"2025-08-06T23:04:58","modified_gmt":"2025-08-06T23:04:58","slug":"copyright-notice-and-terms-of-use-for-digital-products","status":"publish","type":"page","link":"https:\/\/www.becomingacrunchymom.com\/es\/copyright-notice-and-terms-of-use-for-digital-products\/","title":{"rendered":"Aviso de derechos de autor y T\u00e9rminos de Uso para productos digitales."},"content":{"rendered":"<h2 class=\"wp-block-heading\"><strong>COPYRIGHT \u00a9 BECOMING A CRUNCHY MOM  2025 TODOS LOS DERECHOS RESERVADOS EN TODO EL MUNDO<\/strong><\/h2>\n\n\n\n<h3 class=\"wp-block-heading\"><strong>SUS DERECHOS:&nbsp;<\/strong><\/h3>\n\n\n\n<p class=\"has-system-font-font-family has-base-font-size\"><strong>https:\/\/www.becomingacrunchymom.com el \u201cSitio Web\u201d y su \u201ccontenido\u201d<\/strong>&nbsp;(que tambi\u00e9n  puede incluir pero no est\u00e1 limitado a los diferentes tipos de recursos y productos digitales, como imprimibles, libros, libros electr\u00f3nicos, cursos y materiales descargables)&nbsp;&nbsp;<strong>est\u00e1n restringidos para su uso personal solamente. No incluye  ning\u00fan otro tipo de derechos.<\/strong><\/p>\n\n\n\n<p class=\"has-system-font-font-family has-base-font-size\">Este sitio web y su contenido est\u00e1n protegidos por las leyes internacionales de derechos de autor y no pueden modificarse, compilarse, combinarse con otro contenido, copiarse, grabarse, sincronizarse, transmitirse, traducirse, formatearse, distribuirse, mostrarse p\u00fablicamente, realizarse p\u00fablicamente, reproducirse, regalarse, usarse para crear trabajos derivados y usarse o explotarse de otro modo (incluso con fines de lucro) sin el permiso expreso del creador. El creador conserva todos los derechos de autor de este sitio web y su contenido. Cualquier porci\u00f3n de gr\u00e1ficos, fotograf\u00edas, elementos u otro contenido creativo es propiedad de los respectivos propietarios y se utiliza dentro de los t\u00e9rminos de la(s) licencia(s) y\/o permiso (s) otorgado (s).<\/p>\n\n\n\n<p class=\"has-system-font-font-family has-base-font-size\">El creador ha hecho todos los esfuerzos razonables para ser lo m\u00e1s preciso y completo posible en la creaci\u00f3n de este sitio web y su contenido, para garantizar que la informaci\u00f3n proporcionada est\u00e9 libre de errores; sin embargo, el creador no asume ninguna responsabilidad por errores, omisiones o interpretaci\u00f3n contraria al tema de  este documento y no garantiza ni declara en ning\u00fan momento que los contenidos incluidos sean precisos debido a la naturaleza r\u00e1pidamente cambiante del tema.<\/p>\n\n\n\n<p class=\"has-system-font-font-family has-base-font-size\">Cualquier desaire percibido de personas, pueblos u organizaciones espec\u00edficas no es intencional. Cualquier producto, sitio web y nombres de empresas mencionados en este sitio web y su contenido son marcas comerciales o derechos de autor de sus respectivos propietarios. El creador no est\u00e1 asociado ni afiliado con ellos de ninguna manera. El producto, el sitio web y la empresa referidos tampoco patrocinan, respaldan ni aprueban este sitio web y su contenido.<br><\/p>\n<p><a href=\"\/\/www.pinterest.com\/pin\/create\/button\/\" data-pin-do=\"buttonBookmark\" data-pin-color=\"red\" data-pin-height=\"128\"><img decoding=\"async\" src=\"\/\/assets.pinterest.com\/images\/pidgets\/pinit_fg_en_rect_red_28.png\" \/><\/a><\/p>","protected":false},"excerpt":{"rendered":"<p>COPYRIGHT \u00a9 BECOMING A CRUNCHY MOM 2025&nbsp;ALL RIGHTS RESERVED WORLDWIDE YOUR RIGHTS:&nbsp; https:\/\/www.becomingacrunchymom.com The \u201cWebsite\u201d and its \u201ccontent\u201d&nbsp;(which may also include but is not limited to different kinds of resources [&hellip;]<\/p>\n","protected":false},"author":1,"featured_media":0,"parent":0,"menu_order":0,"comment_status":"closed","ping_status":"closed","template":"","meta":{"footnotes":""},"class_list":["post-80","page","type-page","status-publish","hentry"],"aioseo_notices":[],"_links":{"self":[{"href":"https:\/\/www.becomingacrunchymom.com\/es\/wp-json\/wp\/v2\/pages\/80","targetHints":{"allow":["GET"]}}],"collection":[{"href":"https:\/\/www.becomingacrunchymom.com\/es\/wp-json\/wp\/v2\/pages"}],"about":[{"href":"https:\/\/www.becomingacrunchymom.com\/es\/wp-json\/wp\/v2\/types\/page"}],"author":[{"embeddable":true,"href":"https:\/\/www.becomingacrunchymom.com\/es\/wp-json\/wp\/v2\/users\/1"}],"replies":[{"embeddable":true,"href":"https:\/\/www.becomingacrunchymom.com\/es\/wp-json\/wp\/v2\/comments?post=80"}],"version-history":[{"count":2,"href":"https:\/\/www.becomingacrunchymom.com\/es\/wp-json\/wp\/v2\/pages\/80\/revisions"}],"predecessor-version":[{"id":226,"href":"https:\/\/www.becomingacrunchymom.com\/es\/wp-json\/wp\/v2\/pages\/80\/revisions\/226"}],"wp:attachment":[{"href":"https:\/\/www.becomingacrunchymom.com\/es\/wp-json\/wp\/v2\/media?parent=80"}],"curies":[{"name":"wp","href":"https:\/\/api.w.org\/{rel}","templated":true}]}}